{"id":416,"date":"2023-03-09T10:03:42","date_gmt":"2023-03-09T10:03:42","guid":{"rendered":"https:\/\/noxsound.es\/?page_id=416"},"modified":"2023-04-03T13:01:03","modified_gmt":"2023-04-03T13:01:03","slug":"quienes-somos","status":"publish","type":"page","link":"https:\/\/noxsound.es\/en\/quienes-somos\/","title":{"rendered":"About us"},"content":{"rendered":"<p>[et_pb_section fb_built=\u00bb1&#8243; _builder_version=\u00bb4.20.2&#8243; _module_preset=\u00bbdefault\u00bb background_color=\u00bb#141414&#8243; global_colors_info=\u00bb{}\u00bb][et_pb_row _builder_version=\u00bb4.20.2&#8243; _module_preset=\u00bbdefault\u00bb custom_margin=\u00bb55px||||false|false\u00bb hover_enabled=\u00bb0&#8243; global_colors_info=\u00bb{}\u00bb custom_margin_last_edited=\u00bbon|tablet\u00bb custom_margin_tablet=\u00bb-10px||||false|false\u00bb sticky_enabled=\u00bb0&#8243; custom_margin_phone=\u00bb-10px||||false|false\u00bb][et_pb_column type=\u00bb4_4&#8243; _builder_version=\u00bb4.20.2&#8243; _module_preset=\u00bbdefault\u00bb global_colors_info=\u00bb{}\u00bb][et_pb_text _builder_version=\u00bb4.20.2&#8243; _module_preset=\u00bbdefault\u00bb text_text_color=\u00bb#FFFFFF\u00bb text_font_size=\u00bb48px\u00bb global_colors_info=\u00bb{}\u00bb]<\/p>\n<p style=\"text-align: center;\">QUI\u00c9NES SOMOS<\/p>\n<p>[\/et_pb_text][et_pb_divider divider_weight=\u00bb6px\u00bb _builder_version=\u00bb4.20.2&#8243; _module_preset=\u00bbdefault\u00bb width=\u00bb19%\u00bb module_alignment=\u00bbcenter\u00bb custom_margin=\u00bb76px||-27px||false|false\u00bb custom_padding=\u00bb||0px||false|false\u00bb global_colors_info=\u00bb{}\u00bb][\/et_pb_divider][et_pb_text _builder_version=\u00bb4.20.2&#8243; _module_preset=\u00bbdefault\u00bb text_text_color=\u00bb#FFFFFF\u00bb text_font_size=\u00bb20px\u00bb text_line_height=\u00bb1.9em\u00bb width=\u00bb61%\u00bb module_alignment=\u00bbcenter\u00bb custom_margin=\u00bb85px||||false|false\u00bb global_colors_info=\u00bb{}\u00bb]<\/p>\n<p style=\"text-align: justify;\"><span style=\"font-weight: 400;\">Nox Sound es una empresa especializada en el alquiler y montaje de equipos audiovisuales para todo tipo de eventos. Fundada en 2021, con sede en Puerto Real (C\u00e1diz), nos esforzamos por proporcionar a nuestros clientes un servicio excepcional y una experiencia audiovisual inolvidable.<\/span><\/p>\n<p style=\"text-align: justify;\"><span style=\"font-weight: 400;\">Desde nuestros inicios, hemos estado trabajando duro para consolidarnos como una de las principales empresas del sector en la zona, ofreciendo un amplio cat\u00e1logo de equipos de alta calidad y el mejor servicio t\u00e9cnico posible.<\/span><\/p>\n<p style=\"text-align: justify;\"><span style=\"font-weight: 400;\">Nos enorgullecemos de trabajar con un equipo altamente capacitado y comprometido, que siempre est\u00e1 dispuesto a escuchar las necesidades de nuestros clientes y a proporcionarles soluciones personalizadas para sus eventos.<\/span><\/p>\n<p style=\"text-align: justify;\"><span style=\"font-weight: 400;\">En Nox Sound, creemos que el \u00e9xito se alcanza a trav\u00e9s de la colaboraci\u00f3n y la dedicaci\u00f3n, por lo que siempre trabajamos siempre con un exquisito y estrecho trato con nuestros clientes para garantizar que sus eventos sean todo un \u00e9xito.<\/span><\/p>\n<p style=\"text-align: justify;\"><span style=\"font-weight: 400;\">Si est\u00e1 buscando una empresa de alquiler de equipos audiovisuales, no dude en ponerse en contacto con nosotros en cualquier momento. En Nox Sound, estamos aqu\u00ed para ayudarle a que su evento sea todo un \u00e9xito.<\/span><\/p>\n<p>[\/et_pb_text][\/et_pb_column][\/et_pb_row][\/et_pb_section][et_pb_section fb_built=\u00bb1&#8243; admin_label=\u00bbFooter\u00bb _builder_version=\u00bb4.20.2&#8243; background_image=\u00bbhttps:\/\/noxsound.es\/wp-content\/uploads\/2023\/03\/festival_nox_sound.jpg\u00bb custom_padding=\u00bb0px|0px|0px|0px\u00bb global_module=\u00bb428&#8243; saved_tabs=\u00bball\u00bb locked=\u00bboff\u00bb global_colors_info=\u00bb{}\u00bb][et_pb_row _builder_version=\u00bb4.20.2&#8243; _module_preset=\u00bbdefault\u00bb background_color=\u00bb#141414&#8243; width=\u00bb100%\u00bb max_width=\u00bb2560px\u00bb custom_padding=\u00bb5px|||||\u00bb global_colors_info=\u00bb{}\u00bb][et_pb_column type=\u00bb4_4&#8243; _builder_version=\u00bb4.20.1&#8243; _module_preset=\u00bbdefault\u00bb global_colors_info=\u00bb{}\u00bb][et_pb_divider divider_weight=\u00bb5px\u00bb _builder_version=\u00bb4.20.2&#8243; _module_preset=\u00bbdefault\u00bb width=\u00bb32%\u00bb module_alignment=\u00bbcenter\u00bb custom_padding=\u00bb0px|||||\u00bb global_colors_info=\u00bb{}\u00bb][\/et_pb_divider][et_pb_text _builder_version=\u00bb4.20.2&#8243; _module_preset=\u00bbdefault\u00bb text_text_color=\u00bb#FFFFFF\u00bb text_font_size=\u00bb36px\u00bb custom_padding=\u00bb33px||||false|false\u00bb global_colors_info=\u00bb{}\u00bb]<\/p>\n<p style=\"text-align: center;\">SOLICITA PRESUPUESTO<\/p>\n<p>[\/et_pb_text][dvppl_cf7_styler form_bg=\u00bbRGBA(255,255,255,0)\u00bb button_alignment=\u00bbcenter\u00bb cf7=\u00bb1084&#8243; form_label_spacing=\u00bb12px\u00bb cr_custom_styles=\u00bbon\u00bb cr_size=\u00bb22px\u00bb cr_background_color=\u00bb#FFFFFF\u00bb cr_selected_color=\u00bb#000000&#8243; cr_border_color=\u00bb#FFFFFF\u00bb cr_label_color=\u00bb#FFFFFF\u00bb form_field_padding_tablet=\u00bb\u00bb form_field_padding_phone=\u00bb|0px||0px|false|false\u00bb form_field_padding_last_edited=\u00bbon|phone\u00bb form_field_spacing_tablet=\u00bb\u00bb form_field_spacing_phone=\u00bb\u00bb form_field_spacing_last_edited=\u00bbon|phone\u00bb _builder_version=\u00bb4.20.2&#8243; _module_preset=\u00bbdefault\u00bb form_field_font_text_color=\u00bb#141414&#8243; labels_font_size=\u00bb18px\u00bb custom_submit_button=\u00bbon\u00bb submit_button_text_size=\u00bb23px\u00bb submit_button_text_color=\u00bb#141414&#8243; submit_button_bg_color=\u00bb#d5ff40&#8243; submit_button_border_width=\u00bb2px\u00bb submit_button_border_color=\u00bb#d5ff40&#8243; submit_button_border_radius=\u00bb0px\u00bb submit_button_font=\u00bb|600|||||||\u00bb max_width=\u00bb38%\u00bb max_width_tablet=\u00bb\u00bb max_width_phone=\u00bb76%\u00bb max_width_last_edited=\u00bbon|phone\u00bb module_alignment=\u00bbcenter\u00bb custom_padding_tablet=\u00bb\u00bb custom_padding_phone=\u00bb\u00bb custom_padding_last_edited=\u00bbon|phone\u00bb global_colors_info=\u00bb{}\u00bb][\/dvppl_cf7_styler][\/et_pb_column][\/et_pb_row][et_pb_row column_structure=\u00bb1_2,1_2&#8243; use_custom_gutter=\u00bbon\u00bb gutter_width=\u00bb1&#8243; make_equal=\u00bbon\u00bb admin_label=\u00bbFooter Row\u00bb module_class=\u00bb et_pb_row_fullwidth\u00bb _builder_version=\u00bb4.20.2&#8243; width=\u00bb100%\u00bb width_tablet=\u00bb100%\u00bb width_phone=\u00bb100%\u00bb width_last_edited=\u00bbon|desktop\u00bb max_width=\u00bb100%\u00bb max_width_tablet=\u00bb100%\u00bb max_width_phone=\u00bb100%\u00bb max_width_last_edited=\u00bbon|desktop\u00bb custom_margin=\u00bb|||\u00bb custom_padding=\u00bb0px|0px|0px|0px\u00bb animation_style=\u00bbfade\u00bb make_fullwidth=\u00bbon\u00bb global_colors_info=\u00bb{}\u00bb][et_pb_column type=\u00bb1_2&#8243; _builder_version=\u00bb4.20.1&#8243; background_color=\u00bbrgba(0,0,0,0.52)\u00bb custom_padding=\u00bb100px|10%|100px|10%\u00bb custom_padding_tablet=\u00bb100px|10%|100px|10%\u00bb custom_padding_phone=\u00bb100px|10%|100px|10%\u00bb custom_padding_last_edited=\u00bbon|phone\u00bb global_colors_info=\u00bb{}\u00bb padding_last_edited=\u00bbon|phone\u00bb custom_padding__hover=\u00bb|||\u00bb][et_pb_text admin_label=\u00bbTittle\u00bb _builder_version=\u00bb4.20.2&#8243; text_font=\u00bbOswald||||\u00bb link_font=\u00bb||||||||\u00bb ul_font=\u00bb||||||||\u00bb ol_font=\u00bb||||||||\u00bb quote_font=\u00bb||||||||\u00bb header_font=\u00bb||||||||\u00bb header_2_font=\u00bbOswald|||on|||||\u00bb header_2_text_align=\u00bbleft\u00bb header_2_font_size=\u00bb40px\u00bb header_2_letter_spacing=\u00bb2px\u00bb header_2_line_height=\u00bb1.5em\u00bb background_layout=\u00bbdark\u00bb custom_margin=\u00bb||4%|\u00bb locked=\u00bboff\u00bb global_colors_info=\u00bb{}\u00bb]<\/p>\n<h2>\u00bfhablamos?<\/h2>\n<p>[\/et_pb_text][et_pb_text admin_label=\u00bbTexts\u00bb _builder_version=\u00bb4.20.1&#8243; text_font=\u00bbNunito||||\u00bb text_font_size=\u00bb16px\u00bb text_line_height=\u00bb1.5em\u00bb header_font=\u00bbOswald|||on|\u00bb header_text_color=\u00bb#DCA57D\u00bb header_font_size=\u00bb16px\u00bb header_letter_spacing=\u00bb2px\u00bb header_line_height=\u00bb1.7em\u00bb header_4_font=\u00bbOswald|||on|||||\u00bb header_4_text_color=\u00bb#ffffff\u00bb header_4_font_size=\u00bb16px\u00bb header_4_letter_spacing=\u00bb1px\u00bb header_4_line_height=\u00bb1.5em\u00bb background_layout=\u00bbdark\u00bb custom_margin=\u00bb||6%|\u00bb locked=\u00bboff\u00bb global_colors_info=\u00bb{}\u00bb]<\/p>\n<h4>horario<\/h4>\n<p>08PM -12AM<\/p>\n<p>[\/et_pb_text][et_pb_text admin_label=\u00bbTexts\u00bb _builder_version=\u00bb4.20.2&#8243; text_font=\u00bbNunito||||\u00bb text_font_size=\u00bb16px\u00bb text_line_height=\u00bb1.5em\u00bb header_font=\u00bbOswald|||on|\u00bb header_text_color=\u00bb#DCA57D\u00bb header_font_size=\u00bb16px\u00bb header_letter_spacing=\u00bb2px\u00bb header_line_height=\u00bb1.7em\u00bb header_4_font=\u00bbOswald|||on|||||\u00bb header_4_text_color=\u00bb#FFFFFF\u00bb header_4_font_size=\u00bb16px\u00bb header_4_letter_spacing=\u00bb1px\u00bb header_4_line_height=\u00bb1.5em\u00bb background_layout=\u00bbdark\u00bb custom_margin=\u00bb||0%|||\u00bb custom_padding=\u00bb||0px|||\u00bb locked=\u00bboff\u00bb global_colors_info=\u00bb{}\u00bb]<\/p>\n<h4>NOX SOUND EXPERIENCE<\/h4>\n<p>&nbsp;<\/p>\n<p>[\/et_pb_text][et_pb_button button_text=\u00bbreserva de material\u00bb button_alignment=\u00bbleft\u00bb _builder_version=\u00bb4.20.2&#8243; custom_button=\u00bbon\u00bb button_text_size=\u00bb14px\u00bb button_text_color=\u00bb#141414&#8243; button_bg_color=\u00bb#d5ff40&#8243; button_border_width=\u00bb2px\u00bb button_border_color=\u00bb#d5ff40&#8243; button_border_radius=\u00bb0px\u00bb button_letter_spacing=\u00bb3px\u00bb button_font=\u00bbOswald|||on|\u00bb button_use_icon=\u00bboff\u00bb custom_margin=\u00bb|||\u00bb custom_padding=\u00bb10px|20px|10px|20px|true|true\u00bb button_border_color_hover=\u00bb#c99872&#8243; button_border_radius_hover=\u00bb0px\u00bb button_letter_spacing_hover=\u00bb3px\u00bb button_bg_color_hover=\u00bb#c99872&#8243; global_colors_info=\u00bb{}\u00bb button_text_size__hover_enabled=\u00bboff\u00bb button_one_text_size__hover_enabled=\u00bboff\u00bb button_two_text_size__hover_enabled=\u00bboff\u00bb button_text_color__hover_enabled=\u00bboff\u00bb button_one_text_color__hover_enabled=\u00bboff\u00bb button_two_text_color__hover_enabled=\u00bboff\u00bb button_border_width__hover_enabled=\u00bboff\u00bb button_one_border_width__hover_enabled=\u00bboff\u00bb button_two_border_width__hover_enabled=\u00bboff\u00bb button_border_color__hover_enabled=\u00bbon|desktop\u00bb button_border_color__hover=\u00bb#d5ff40&#8243; button_one_border_color__hover_enabled=\u00bboff\u00bb button_two_border_color__hover_enabled=\u00bboff\u00bb button_border_radius__hover_enabled=\u00bbon|hover\u00bb button_border_radius__hover=\u00bb0px\u00bb button_one_border_radius__hover_enabled=\u00bboff\u00bb button_two_border_radius__hover_enabled=\u00bboff\u00bb button_letter_spacing__hover_enabled=\u00bbon\u00bb button_letter_spacing__hover=\u00bb3px\u00bb button_one_letter_spacing__hover_enabled=\u00bboff\u00bb button_two_letter_spacing__hover_enabled=\u00bboff\u00bb button_bg_color__hover_enabled=\u00bbon|desktop\u00bb button_one_bg_color__hover_enabled=\u00bboff\u00bb button_two_bg_color__hover_enabled=\u00bboff\u00bb button_bg_enable_color__hover=\u00bboff\u00bb button_bg_color__hover=\u00bb\u00bb][\/et_pb_button][et_pb_text admin_label=\u00bbTexts\u00bb _builder_version=\u00bb4.20.2&#8243; text_font=\u00bbOswald||||||||\u00bb text_font_size=\u00bb16px\u00bb text_line_height=\u00bb1.5em\u00bb header_font=\u00bbOswald|||on|\u00bb header_text_color=\u00bb#DCA57D\u00bb header_font_size=\u00bb16px\u00bb header_letter_spacing=\u00bb2px\u00bb header_line_height=\u00bb1.7em\u00bb header_4_font=\u00bbOswald|||on|||||\u00bb header_4_text_color=\u00bb#FFFFFF\u00bb header_4_font_size=\u00bb16px\u00bb header_4_letter_spacing=\u00bb1px\u00bb header_4_line_height=\u00bb1.5em\u00bb background_layout=\u00bbdark\u00bb custom_margin=\u00bb33px||||false|false\u00bb locked=\u00bboff\u00bb global_colors_info=\u00bb{}\u00bb]<\/p>\n<p><a href=\"https:\/\/noxsound.es\/politica-de-privacidad\">POL\u00cdTICA DE PRIVACIDAD<\/a><\/p>\n<p><a href=\"https:\/\/noxsound.es\/politica-de-cookies\/\">POL\u00cdTICA DE COOKIES<\/a><\/p>\n<p><a href=\"https:\/\/noxsound.es\/aviso-legal\/\">AVISO LEGAL<\/a><\/p>\n<p>&nbsp;<\/p>\n<p>[\/et_pb_text][\/et_pb_column][et_pb_column type=\u00bb1_2&#8243; _builder_version=\u00bb4.20.2&#8243; background_color=\u00bb#141414&#8243; custom_padding=\u00bb100px|10%|100px|10%\u00bb global_colors_info=\u00bb{}\u00bb custom_padding__hover=\u00bb|||\u00bb][et_pb_text admin_label=\u00bbTexts\u00bb _builder_version=\u00bb4.20.1&#8243; text_font=\u00bbOswald||||\u00bb link_font=\u00bb||||||||\u00bb ul_font=\u00bb||||||||\u00bb ol_font=\u00bb||||||||\u00bb quote_font=\u00bb||||||||\u00bb header_font=\u00bb||||||||\u00bb header_2_font=\u00bbOswald|||on|||||\u00bb header_2_text_align=\u00bbleft\u00bb header_2_font_size=\u00bb40px\u00bb header_2_letter_spacing=\u00bb2px\u00bb header_2_line_height=\u00bb1.5em\u00bb background_layout=\u00bbdark\u00bb custom_margin=\u00bb||4%|\u00bb custom_padding=\u00bb|||\u00bb locked=\u00bboff\u00bb global_colors_info=\u00bb{}\u00bb]<\/p>\n<h2>Contacto<\/h2>\n<p>[\/et_pb_text][et_pb_text admin_label=\u00bbTexts\u00bb _builder_version=\u00bb4.20.2&#8243; text_font=\u00bbNunito||||\u00bb text_font_size=\u00bb16px\u00bb header_font=\u00bbOswald|||on|\u00bb header_text_color=\u00bb#DCA57D\u00bb header_font_size=\u00bb16px\u00bb header_letter_spacing=\u00bb2px\u00bb header_line_height=\u00bb1.7em\u00bb header_4_font=\u00bbOswald|||on|||||\u00bb header_4_text_color=\u00bb#d5ff40&#8243; header_4_font_size=\u00bb16px\u00bb header_4_letter_spacing=\u00bb1px\u00bb header_4_line_height=\u00bb1.5em\u00bb background_layout=\u00bbdark\u00bb custom_margin=\u00bb||6%|\u00bb locked=\u00bboff\u00bb global_colors_info=\u00bb{}\u00bb]<\/p>\n<h4>tel\u00e9fono<\/h4>\n<p>956 556 788<\/p>\n<p>[\/et_pb_text][et_pb_text admin_label=\u00bbTexts\u00bb _builder_version=\u00bb4.20.2&#8243; text_font=\u00bbNunito||||\u00bb text_font_size=\u00bb16px\u00bb header_font=\u00bbOswald|||on|\u00bb header_text_color=\u00bb#DCA57D\u00bb header_font_size=\u00bb16px\u00bb header_letter_spacing=\u00bb2px\u00bb header_line_height=\u00bb1.7em\u00bb header_4_font=\u00bbOswald|||on|||||\u00bb header_4_text_color=\u00bb#d5ff40&#8243; header_4_font_size=\u00bb16px\u00bb header_4_letter_spacing=\u00bb1px\u00bb header_4_line_height=\u00bb1.5em\u00bb background_layout=\u00bbdark\u00bb custom_margin=\u00bb||6%|\u00bb locked=\u00bboff\u00bb global_colors_info=\u00bb{}\u00bb]<\/p>\n<h4>email<\/h4>\n<p>info@noxsound.es<\/p>\n<p>[\/et_pb_text][et_pb_text admin_label=\u00bbTexts\u00bb _builder_version=\u00bb4.20.2&#8243; text_font=\u00bbNunito||||\u00bb text_font_size=\u00bb16px\u00bb text_line_height=\u00bb1.5em\u00bb header_font=\u00bbOswald|||on|\u00bb header_text_color=\u00bb#DCA57D\u00bb header_font_size=\u00bb16px\u00bb header_letter_spacing=\u00bb2px\u00bb header_line_height=\u00bb1.7em\u00bb header_4_font=\u00bbOswald|||on|||||\u00bb header_4_text_color=\u00bb#d5ff40&#8243; header_4_font_size=\u00bb16px\u00bb header_4_letter_spacing=\u00bb1px\u00bb header_4_line_height=\u00bb1.5em\u00bb background_layout=\u00bbdark\u00bb custom_margin=\u00bb||6%|\u00bb locked=\u00bboff\u00bb global_colors_info=\u00bb{}\u00bb]<\/p>\n<h4>direcci\u00f3n<\/h4>\n<p><span>Calle de la Dorada (pg tres Caminos), S\/N,<br \/><\/span><span> Puerto Real,\u00a011510, C\u00e1diz<\/span><\/p>\n<p>[\/et_pb_text][\/et_pb_column][\/et_pb_row][\/et_pb_section]<\/p>\n","protected":false},"excerpt":{"rendered":"<p>QUI\u00c9NES SOMOSNox Sound es una empresa especializada en el alquiler y montaje de equipos audiovisuales para todo tipo de eventos. Fundada en 2021, con sede en Puerto Real (C\u00e1diz), nos esforzamos por proporcionar a nuestros clientes un servicio excepcional y una experiencia audiovisual inolvidable. Desde nuestros inicios, hemos estado trabajando duro para consolidarnos como una [&hellip;]<\/p>\n","protected":false},"author":1,"featured_media":0,"parent":0,"menu_order":0,"comment_status":"closed","ping_status":"closed","template":"","meta":{"_et_pb_use_builder":"on","_et_pb_old_content":"","_et_gb_content_width":"","footnotes":""},"class_list":["post-416","page","type-page","status-publish","hentry"],"yoast_head":"<!-- This site is optimized with the Yoast SEO plugin v27.3 - https:\/\/yoast.com\/product\/yoast-seo-wordpress\/ -->\n<title>Qui\u00e9nes somos - Nox Sound<\/title>\n<meta name=\"robots\" content=\"index, follow, max-snippet:-1, max-image-preview:large, max-video-preview:-1\" \/>\n<link rel=\"canonical\" href=\"https:\/\/noxsound.es\/en\/quienes-somos\/\" \/>\n<meta property=\"og:locale\" content=\"en_GB\" \/>\n<meta property=\"og:type\" content=\"article\" \/>\n<meta property=\"og:title\" content=\"Qui\u00e9nes somos - Nox Sound\" \/>\n<meta property=\"og:description\" content=\"QUI\u00c9NES SOMOSNox Sound es una empresa especializada en el alquiler y montaje de equipos audiovisuales para todo tipo de eventos. Fundada en 2021, con sede en Puerto Real (C\u00e1diz), nos esforzamos por proporcionar a nuestros clientes un servicio excepcional y una experiencia audiovisual inolvidable. Desde nuestros inicios, hemos estado trabajando duro para consolidarnos como una [&hellip;]\" \/>\n<meta property=\"og:url\" content=\"https:\/\/noxsound.es\/en\/quienes-somos\/\" \/>\n<meta property=\"og:site_name\" content=\"Nox Sound\" \/>\n<meta property=\"article:publisher\" content=\"https:\/\/www.facebook.com\/noxsoundoficial\" \/>\n<meta property=\"article:modified_time\" content=\"2023-04-03T13:01:03+00:00\" \/>\n<meta name=\"twitter:card\" content=\"summary_large_image\" \/>\n<meta name=\"twitter:label1\" content=\"Estimated reading time\" \/>\n\t<meta name=\"twitter:data1\" content=\"8 minutes\" \/>\n<script type=\"application\/ld+json\" class=\"yoast-schema-graph\">{\"@context\":\"https:\\\/\\\/schema.org\",\"@graph\":[{\"@type\":\"WebPage\",\"@id\":\"https:\\\/\\\/noxsound.es\\\/quienes-somos\\\/\",\"url\":\"https:\\\/\\\/noxsound.es\\\/quienes-somos\\\/\",\"name\":\"Qui\u00e9nes somos - Nox Sound\",\"isPartOf\":{\"@id\":\"https:\\\/\\\/noxsound.es\\\/#website\"},\"datePublished\":\"2023-03-09T10:03:42+00:00\",\"dateModified\":\"2023-04-03T13:01:03+00:00\",\"breadcrumb\":{\"@id\":\"https:\\\/\\\/noxsound.es\\\/quienes-somos\\\/#breadcrumb\"},\"inLanguage\":\"en-GB\",\"potentialAction\":[{\"@type\":\"ReadAction\",\"target\":[\"https:\\\/\\\/noxsound.es\\\/quienes-somos\\\/\"]}]},{\"@type\":\"BreadcrumbList\",\"@id\":\"https:\\\/\\\/noxsound.es\\\/quienes-somos\\\/#breadcrumb\",\"itemListElement\":[{\"@type\":\"ListItem\",\"position\":1,\"name\":\"Portada\",\"item\":\"https:\\\/\\\/noxsound.es\\\/\"},{\"@type\":\"ListItem\",\"position\":2,\"name\":\"Qui\u00e9nes somos\"}]},{\"@type\":\"WebSite\",\"@id\":\"https:\\\/\\\/noxsound.es\\\/#website\",\"url\":\"https:\\\/\\\/noxsound.es\\\/\",\"name\":\"Nox Sound\",\"description\":\"Sistemas de sonido profesional e iluminaci\u00f3n para eventos\",\"publisher\":{\"@id\":\"https:\\\/\\\/noxsound.es\\\/#organization\"},\"potentialAction\":[{\"@type\":\"SearchAction\",\"target\":{\"@type\":\"EntryPoint\",\"urlTemplate\":\"https:\\\/\\\/noxsound.es\\\/?s={search_term_string}\"},\"query-input\":{\"@type\":\"PropertyValueSpecification\",\"valueRequired\":true,\"valueName\":\"search_term_string\"}}],\"inLanguage\":\"en-GB\"},{\"@type\":\"Organization\",\"@id\":\"https:\\\/\\\/noxsound.es\\\/#organization\",\"name\":\"Nox Sound\",\"url\":\"https:\\\/\\\/noxsound.es\\\/\",\"logo\":{\"@type\":\"ImageObject\",\"inLanguage\":\"en-GB\",\"@id\":\"https:\\\/\\\/noxsound.es\\\/#\\\/schema\\\/logo\\\/image\\\/\",\"url\":\"https:\\\/\\\/noxsound.es\\\/wp-content\\\/uploads\\\/2023\\\/03\\\/ICONO-WEB-DE-NOX-SOUND-1.png\",\"contentUrl\":\"https:\\\/\\\/noxsound.es\\\/wp-content\\\/uploads\\\/2023\\\/03\\\/ICONO-WEB-DE-NOX-SOUND-1.png\",\"width\":2952,\"height\":2952,\"caption\":\"Nox Sound\"},\"image\":{\"@id\":\"https:\\\/\\\/noxsound.es\\\/#\\\/schema\\\/logo\\\/image\\\/\"},\"sameAs\":[\"https:\\\/\\\/www.facebook.com\\\/noxsoundoficial\"]}]}<\/script>\n<!-- \/ Yoast SEO plugin. -->","yoast_head_json":{"title":"Qui\u00e9nes somos - Nox Sound","robots":{"index":"index","follow":"follow","max-snippet":"max-snippet:-1","max-image-preview":"max-image-preview:large","max-video-preview":"max-video-preview:-1"},"canonical":"https:\/\/noxsound.es\/en\/quienes-somos\/","og_locale":"en_GB","og_type":"article","og_title":"Qui\u00e9nes somos - Nox Sound","og_description":"QUI\u00c9NES SOMOSNox Sound es una empresa especializada en el alquiler y montaje de equipos audiovisuales para todo tipo de eventos. Fundada en 2021, con sede en Puerto Real (C\u00e1diz), nos esforzamos por proporcionar a nuestros clientes un servicio excepcional y una experiencia audiovisual inolvidable. Desde nuestros inicios, hemos estado trabajando duro para consolidarnos como una [&hellip;]","og_url":"https:\/\/noxsound.es\/en\/quienes-somos\/","og_site_name":"Nox Sound","article_publisher":"https:\/\/www.facebook.com\/noxsoundoficial","article_modified_time":"2023-04-03T13:01:03+00:00","twitter_card":"summary_large_image","twitter_misc":{"Estimated reading time":"8 minutes"},"schema":{"@context":"https:\/\/schema.org","@graph":[{"@type":"WebPage","@id":"https:\/\/noxsound.es\/quienes-somos\/","url":"https:\/\/noxsound.es\/quienes-somos\/","name":"Qui\u00e9nes somos - Nox Sound","isPartOf":{"@id":"https:\/\/noxsound.es\/#website"},"datePublished":"2023-03-09T10:03:42+00:00","dateModified":"2023-04-03T13:01:03+00:00","breadcrumb":{"@id":"https:\/\/noxsound.es\/quienes-somos\/#breadcrumb"},"inLanguage":"en-GB","potentialAction":[{"@type":"ReadAction","target":["https:\/\/noxsound.es\/quienes-somos\/"]}]},{"@type":"BreadcrumbList","@id":"https:\/\/noxsound.es\/quienes-somos\/#breadcrumb","itemListElement":[{"@type":"ListItem","position":1,"name":"Portada","item":"https:\/\/noxsound.es\/"},{"@type":"ListItem","position":2,"name":"Qui\u00e9nes somos"}]},{"@type":"WebSite","@id":"https:\/\/noxsound.es\/#website","url":"https:\/\/noxsound.es\/","name":"Nox Sound","description":"Sistemas de sonido profesional e iluminaci\u00f3n para eventos","publisher":{"@id":"https:\/\/noxsound.es\/#organization"},"potentialAction":[{"@type":"SearchAction","target":{"@type":"EntryPoint","urlTemplate":"https:\/\/noxsound.es\/?s={search_term_string}"},"query-input":{"@type":"PropertyValueSpecification","valueRequired":true,"valueName":"search_term_string"}}],"inLanguage":"en-GB"},{"@type":"Organization","@id":"https:\/\/noxsound.es\/#organization","name":"Nox Sound","url":"https:\/\/noxsound.es\/","logo":{"@type":"ImageObject","inLanguage":"en-GB","@id":"https:\/\/noxsound.es\/#\/schema\/logo\/image\/","url":"https:\/\/noxsound.es\/wp-content\/uploads\/2023\/03\/ICONO-WEB-DE-NOX-SOUND-1.png","contentUrl":"https:\/\/noxsound.es\/wp-content\/uploads\/2023\/03\/ICONO-WEB-DE-NOX-SOUND-1.png","width":2952,"height":2952,"caption":"Nox Sound"},"image":{"@id":"https:\/\/noxsound.es\/#\/schema\/logo\/image\/"},"sameAs":["https:\/\/www.facebook.com\/noxsoundoficial"]}]}},"_links":{"self":[{"href":"https:\/\/noxsound.es\/en\/wp-json\/wp\/v2\/pages\/416","targetHints":{"allow":["GET"]}}],"collection":[{"href":"https:\/\/noxsound.es\/en\/wp-json\/wp\/v2\/pages"}],"about":[{"href":"https:\/\/noxsound.es\/en\/wp-json\/wp\/v2\/types\/page"}],"author":[{"embeddable":true,"href":"https:\/\/noxsound.es\/en\/wp-json\/wp\/v2\/users\/1"}],"replies":[{"embeddable":true,"href":"https:\/\/noxsound.es\/en\/wp-json\/wp\/v2\/comments?post=416"}],"version-history":[{"count":9,"href":"https:\/\/noxsound.es\/en\/wp-json\/wp\/v2\/pages\/416\/revisions"}],"predecessor-version":[{"id":1173,"href":"https:\/\/noxsound.es\/en\/wp-json\/wp\/v2\/pages\/416\/revisions\/1173"}],"wp:attachment":[{"href":"https:\/\/noxsound.es\/en\/wp-json\/wp\/v2\/media?parent=416"}],"curies":[{"name":"wp","href":"https:\/\/api.w.org\/{rel}","templated":true}]}}